{"id":12,"date":"2014-11-20T23:01:30","date_gmt":"2014-11-20T22:01:30","guid":{"rendered":"http:\/\/nataliaskrzypek.pl\/?page_id=12"},"modified":"2025-12-16T22:42:31","modified_gmt":"2025-12-16T21:42:31","slug":"natalka","status":"publish","type":"page","link":"https:\/\/nataliaskrzypek.pl\/index.php\/natalka\/","title":{"rendered":"Natalka"},"content":{"rendered":"<p style=\"text-align: justify;\">Witamy serdecznie na stronie naszej ukochanej c\u00f3reczki, Natalii Skrzypek.<br \/>\nZapraszamy do zapoznania si\u0119 z aktualnymi informacjami i dotychczasowymi osi\u0105gni\u0119ciami Natalki.\u00a0Do obejrzenia s\u0105 fotki i materia\u0142y filmowe. Sukcesywnie uzupe\u0142nia\u0107 b\u0119dziemy jej portfolio dodaj\u0105c nowe do\u015bwiadczenia.<br \/>\nNatalia wsp\u00f3\u0142pracuje z warszawsk\u0105 <a href=\"http:\/\/www.opta-a.pl\" target=\"_blank\" rel=\"noopener\">Agencj\u0105 Aktorsk\u0105 OPTA<\/a>. Jako \u017ce relacja z Agencj\u0105 ma charakter wy\u0142\u0105czny, osoby chc\u0105ce zatrudni\u0107 Natalk\u0119 do profesjonalnych produkcji zapraszamy do kontaktu z Agencj\u0105. Na stronie Agencji\u00a0podane s\u0105 namiary\u00a0na osoby reprezentuj\u0105ce Natalk\u0119. Tam mo\u017cna te\u017c zapozna\u0107 si\u0119 z portfolio i obejrze\u0107 aktualne zdj\u0119cia.<br \/>\nPozdrawiamy.<br \/>\nMama i Tata Natalki \ud83d\ude42<\/p>\n<p>Najwa\u017cniejsze wydarzenia z \u017cycia Natalki:<\/p>\n<table>\n<tbody>\n<tr>\n<td>maj 2024<\/td>\n<td>rola Go\u015bki w serialu &#8222;Barwy szcz\u0119\u015bcia&#8221;<\/td>\n<\/tr>\n<tr>\n<td>czerwiec 2023<\/td>\n<td>wyst\u0119p w ch\u00f3rze dzieci\u0119cym na 60. Krajowym Festiwalu Piosenki Polskiej w Opolu<\/td>\n<\/tr>\n<tr>\n<td>maj 2023<\/td>\n<td>rola Karoliny w serialu &#8222;Na sygnale&#8221;<\/td>\n<\/tr>\n<tr>\n<td>stycze\u0144 2023<\/td>\n<td>udzia\u0142 w teledysku Justyny Biedrawy &#8222;Zamieni\u0119 si\u0119 cia\u0142em&#8221;<\/td>\n<\/tr>\n<tr>\n<td>czerwiec 2022<\/td>\n<td>udzia\u0142 w reklamie Ser Kr\u00f3lewski<\/td>\n<\/tr>\n<tr>\n<td>maj 2022<\/td>\n<td>rola Dziewczynki w serialu &#8222;Jagiellonowie&#8221;<\/td>\n<\/tr>\n<tr>\n<td>luty 2022<\/td>\n<td>udzia\u0142 w reklamie McDonald&#8217;s<\/td>\n<\/tr>\n<tr>\n<td>luty 2021<\/td>\n<td>udzia\u0142 w reklamie Orange<\/td>\n<\/tr>\n<tr>\n<td>pa\u017adziernik 2020<\/td>\n<td>rola \u0141ucji w filmie &#8222;Cudak&#8221; Anny Kazejak<\/td>\n<\/tr>\n<tr>\n<td>sierpie\u0144 2020<\/td>\n<td>rola C\u00f3rki Bondyry w serialu &#8222;Blondynka&#8221;<\/td>\n<\/tr>\n<tr>\n<td>lipiec\u00a02020<\/td>\n<td>sta\u0142a rola Olgi w serialu &#8222;Miasto d\u0142ug\u00f3w&#8221; (kontynuacja)<\/td>\n<\/tr>\n<tr>\n<td>czerwiec\u00a02020<\/td>\n<td>I miejsce na III Og\u00f3lnopolskim Festiwalu Piosenki Polskiej &#8222;P\u0142ytoteka&#8221;<\/td>\n<\/tr>\n<tr>\n<td>czerwiec 2020<\/td>\n<td>rola C\u00f3rki w filmie \u201eListy do M. 4\u201d Patricka Yoki<\/td>\n<\/tr>\n<tr>\n<td>luty 2020<\/td>\n<td>udzia\u0142 w reklamie Carrefour<\/td>\n<\/tr>\n<tr>\n<td>listopad 2019<\/td>\n<td>udzia\u0142 w koncercie radiowym na \u017cywo &#8222;Oczami dziecka &#8211; Niepodleg\u0142o\u015b\u0107&#8221;<\/td>\n<\/tr>\n<tr>\n<td>pa\u017adziernik 2019<\/td>\n<td>udzia\u0142 w spocie spo\u0142ecznym SOS Wioski Dzieci\u0119ce<\/td>\n<\/tr>\n<tr>\n<td>wrzesie\u0144 2019<\/td>\n<td>sta\u0142a rola Olgi w serialu &#8222;Miasto d\u0142ug\u00f3w&#8221; i rola Mai w serialu &#8222;Na sygnale&#8221;<\/td>\n<\/tr>\n<tr>\n<td>czerwiec 2019<\/td>\n<td>rola Nastki w serialu &#8222;Na Wsp\u00f3lnej&#8221; i rola Mai w pilocie serialu &#8222;Matka jest tylko jedna&#8221;<\/td>\n<\/tr>\n<tr>\n<td>maj 2019<\/td>\n<td>udzia\u0142 w reklamach PKO BP, Sanitas (Szwajcaria) i Beechams (Anglia)<\/td>\n<\/tr>\n<tr>\n<td>kwiecie\u0144 2019<\/td>\n<td>rola Anity w serialu &#8222;Gabinet nr 5&#8221;<\/td>\n<\/tr>\n<tr>\n<td>marzec 2019<\/td>\n<td>III miejsce na Mistrzostwach Egurrola Dance Studio w kategorii ta\u0144ca nowoczesnego<\/td>\n<\/tr>\n<tr>\n<td>marzec 2019<\/td>\n<td>rola Zuzi w serialu &#8222;Ojciec Mateusz&#8221; i udzia\u0142 w reklamie T-Mobile<\/td>\n<\/tr>\n<tr>\n<td>stycze\u0144 2019<\/td>\n<td>udzia\u0142 w reklamie \u0141owicz (d\u017cemy)<\/td>\n<\/tr>\n<tr>\n<td>grudzie\u0144 2018<\/td>\n<td>udzia\u0142 w improwizowanym spektaklu ulicznym SOS Wioski Dzieci\u0119ce<\/td>\n<\/tr>\n<tr>\n<td>listopad 2018<\/td>\n<td>rola Kasi w serialu &#8222;M jak mi\u0142o\u015b\u0107&#8221;\u00a0i udzia\u0142 w reklamie WO\u015aP\/mBank<\/td>\n<\/tr>\n<tr>\n<td>listopad 2018<\/td>\n<td>g\u0142\u00f3wna rola w spocie spo\u0142ecznym SOS Wioski Dzieci\u0119ce<\/td>\n<\/tr>\n<tr>\n<td>wrzesie\u0144 2018<\/td>\n<td>rozpocz\u0119cie edukacji szkolnej<\/td>\n<\/tr>\n<tr>\n<td>lipiec 2018<\/td>\n<td>rola Jadzi w filmie \u201eKurier\u201d W\u0142adys\u0142awa Pasikowskiego<\/td>\n<\/tr>\n<tr>\n<td>czerwiec 2018<\/td>\n<td>III miejsce na Mistrzostwach Egurrola Dance Studio w kategorii ta\u0144ca nowoczesnego<\/td>\n<\/tr>\n<tr>\n<td>czerwiec 2018<\/td>\n<td>wyst\u0119p w musicalu &#8222;Strachy Rysia&#8221;\u00a0Ma\u0142ej Film\u00f3wki<\/td>\n<\/tr>\n<tr>\n<td>maj 2018<\/td>\n<td>nagranie piosenek do musicalu &#8222;Strachy Rysia&#8221; Ma\u0142ej Film\u00f3wki<\/td>\n<\/tr>\n<tr>\n<td>marzec 2018<\/td>\n<td>epizod w serialu \u201eW rytmie serca\u201d<\/td>\n<\/tr>\n<tr>\n<td>luty 2018<\/td>\n<td>III miejsce na Mistrzostwach Egurrola Dance Studio w kategorii ta\u0144ca nowoczesnego<\/td>\n<\/tr>\n<tr>\n<td>luty 2018<\/td>\n<td>sesja foto\/wideo do kampanii letniej Mohito i udzia\u0142 w reklamie Lubella (Mleko\u0142aki)<\/td>\n<\/tr>\n<tr>\n<td>grudzie\u0144 2017<\/td>\n<td>udzia\u0142 w reklamie Winiary (majonez)<\/td>\n<\/tr>\n<tr>\n<td>listopad 2017<\/td>\n<td>wyst\u0119p podczas koncertu &#8222;Zmory i potwory&#8221; w Studio Koncertowym Polskiego Radia<\/td>\n<\/tr>\n<tr>\n<td>wrzesie\u0144 2017<\/td>\n<td>rozpocz\u0119cie edukacji tanecznej w Egurrola Dance Studio<\/td>\n<\/tr>\n<tr>\n<td>czerwiec 2017<\/td>\n<td>rola Ninki w serialu &#8222;Na dobre i na z\u0142e&#8221;<\/td>\n<\/tr>\n<tr>\n<td>marzec 2017<\/td>\n<td>udzia\u0142 w reklamie Pepco<\/td>\n<\/tr>\n<tr>\n<td>luty 2017<\/td>\n<td>sesja fotograficzna do gazetki Carrefour i epizod w serialu &#8222;Na dobre i na z\u0142e&#8221;<\/td>\n<\/tr>\n<tr>\n<td>stycze\u0144 2017<\/td>\n<td>rola\u00a0c\u00f3rki Niny\u00a0w serialu &#8222;Komisarz Alex&#8221;<\/td>\n<\/tr>\n<tr>\n<td>listopad 2016<\/td>\n<td>udzia\u0142 w audycjach radiowych &#8222;Niedziela, i co teraz?&#8221; i &#8222;Co z t\u0105 bajk\u0105?&#8221;<\/td>\n<\/tr>\n<tr>\n<td>pa\u017adziernik 2016<\/td>\n<td>udzia\u0142 w spocie spo\u0142ecznym SOS Wioski Dzieci\u0119ce<\/td>\n<\/tr>\n<tr>\n<td>lipiec 2016<\/td>\n<td>rola Hani w\u00a0serialu &#8222;Piel\u0119gniarki&#8221;<\/td>\n<\/tr>\n<tr>\n<td>czerwiec 2016<\/td>\n<td>rola Tosi w teatrze TV &#8222;Breakout&#8221;<\/td>\n<\/tr>\n<tr>\n<td>kwiecie\u0144 2016<\/td>\n<td>sesja fotograficzna do gazetki Carrefour<\/td>\n<\/tr>\n<tr>\n<td>luty 2016<\/td>\n<td>wielkanocna sesja fotograficzna do dwutygodnika &#8222;Przyjaci\u00f3\u0142ka&#8221;<\/td>\n<\/tr>\n<tr>\n<td>grudzie\u0144 2015<\/td>\n<td>rola Zuzi w serialu &#8222;Stra\u017cacy&#8221;<\/td>\n<\/tr>\n<tr>\n<td>listopad\u00a02015<\/td>\n<td>rola C\u00f3rki Mrozowej w serialu &#8222;Ojciec Mateusz&#8221;<\/td>\n<\/tr>\n<tr>\n<td>pa\u017adziernik\u00a02015<\/td>\n<td>rozpocz\u0119cie\u00a0edukacji teatralnej\u00a0w Ma\u0142ej Film\u00f3wce<\/td>\n<\/tr>\n<tr>\n<td>wrzesie\u0144\u00a02015<\/td>\n<td>udzia\u0142 w reklamie Castorama<\/td>\n<\/tr>\n<tr>\n<td>sierpie\u0144\u00a02015<\/td>\n<td>rola Ma\u0142ej Asi w serialu &#8222;Belfer&#8221;<\/td>\n<\/tr>\n<tr>\n<td>lipiec\u00a02015<\/td>\n<td>epizod w serialu &#8222;Prokurator&#8221;<\/td>\n<\/tr>\n<tr>\n<td>czerwiec\u00a02015<\/td>\n<td>I miejsce w Dzielnicowym Konkursie Plastycznym &#8222;Jestem Polakiem&#8221;<\/td>\n<\/tr>\n<tr>\n<td>maj 2015<\/td>\n<td>udzia\u0142 w reklamach Pi\u0105tnica (mleko) i Rossmann<\/td>\n<\/tr>\n<tr>\n<td>listopad 2014<\/td>\n<td>rola Anny, c\u00f3rki Marleny w filmie \u201eGwiazdy\u201d Jana Kidawy-B\u0142o\u0144skiego<\/td>\n<\/tr>\n<tr>\n<td>wrzesie\u0144 2014<\/td>\n<td>rozpocz\u0119cie edukacji przedszkolnej<\/td>\n<\/tr>\n<tr>\n<td>sierpie\u0144 2013<\/td>\n<td>pierwsza plenerowa sesja fotograficzna<\/td>\n<\/tr>\n<tr>\n<td>lipiec 2012<\/td>\n<td>pierwsza studyjna sesja fotograficzna<\/td>\n<\/tr>\n<tr>\n<td>pa\u017adziernik 2011<\/td>\n<td>narodziny<\/td>\n<\/tr>\n<\/tbody>\n<\/table>\n","protected":false},"excerpt":{"rendered":"<p>Witamy serdecznie na stronie naszej ukochanej c\u00f3reczki, Natalii Skrzypek. Zapraszamy do zapoznania si\u0119 z aktualnymi informacjami i dotychczasowymi osi\u0105gni\u0119ciami Natalki.\u00a0Do obejrzenia s\u0105 fotki i materia\u0142y filmowe. Sukcesywnie uzupe\u0142nia\u0107 b\u0119dziemy jej portfolio dodaj\u0105c nowe do\u015bwiadczenia. Natalia wsp\u00f3\u0142pracuje z warszawsk\u0105 Agencj\u0105 Aktorsk\u0105 OPTA. Jako \u017ce relacja z Agencj\u0105 ma charakter wy\u0142\u0105czny, osoby chc\u0105ce zatrudni\u0107 Natalk\u0119 do profesjonalnych [&hellip;]<\/p>\n","protected":false},"author":1,"featured_media":0,"parent":0,"menu_order":0,"comment_status":"closed","ping_status":"closed","template":"","meta":[],"_links":{"self":[{"href":"https:\/\/nataliaskrzypek.pl\/index.php\/wp-json\/wp\/v2\/pages\/12"}],"collection":[{"href":"https:\/\/nataliaskrzypek.pl\/index.php\/wp-json\/wp\/v2\/pages"}],"about":[{"href":"https:\/\/nataliaskrzypek.pl\/index.php\/wp-json\/wp\/v2\/types\/page"}],"author":[{"embeddable":true,"href":"https:\/\/nataliaskrzypek.pl\/index.php\/wp-json\/wp\/v2\/users\/1"}],"replies":[{"embeddable":true,"href":"https:\/\/nataliaskrzypek.pl\/index.php\/wp-json\/wp\/v2\/comments?post=12"}],"version-history":[{"count":70,"href":"https:\/\/nataliaskrzypek.pl\/index.php\/wp-json\/wp\/v2\/pages\/12\/revisions"}],"predecessor-version":[{"id":663,"href":"https:\/\/nataliaskrzypek.pl\/index.php\/wp-json\/wp\/v2\/pages\/12\/revisions\/663"}],"wp:attachment":[{"href":"https:\/\/nataliaskrzypek.pl\/index.php\/wp-json\/wp\/v2\/media?parent=12"}],"curies":[{"name":"wp","href":"https:\/\/api.w.org\/{rel}","templated":true}]}}